{"id":3927,"date":"2016-07-01T14:27:12","date_gmt":"2016-07-01T14:27:12","guid":{"rendered":"http:\/\/yahalaspain.com\/es\/accompanying-guide-with-vehicle\/"},"modified":"2016-11-03T10:44:19","modified_gmt":"2016-11-03T10:44:19","slug":"guia-acompaniante-spain","status":"publish","type":"page","link":"https:\/\/yahalaspain.com\/es\/guia-acompaniante-spain\/","title":{"rendered":"GU\u00cdA ACOMPA\u00d1ANTE CON SERVICIO DE VEH\u00cdCULO"},"content":{"rendered":"","protected":false},"excerpt":{"rendered":"","protected":false},"author":1,"featured_media":0,"parent":0,"menu_order":0,"comment_status":"closed","ping_status":"closed","template":"","meta":{"footnotes":""},"class_list":["post-3927","page","type-page","status-publish","hentry"],"_links":{"self":[{"href":"https:\/\/yahalaspain.com\/es\/wp-json\/wp\/v2\/pages\/3927","targetHints":{"allow":["GET"]}}],"collection":[{"href":"https:\/\/yahalaspain.com\/es\/wp-json\/wp\/v2\/pages"}],"about":[{"href":"https:\/\/yahalaspain.com\/es\/wp-json\/wp\/v2\/types\/page"}],"author":[{"embeddable":true,"href":"https:\/\/yahalaspain.com\/es\/wp-json\/wp\/v2\/users\/1"}],"replies":[{"embeddable":true,"href":"https:\/\/yahalaspain.com\/es\/wp-json\/wp\/v2\/comments?post=3927"}],"version-history":[{"count":2,"href":"https:\/\/yahalaspain.com\/es\/wp-json\/wp\/v2\/pages\/3927\/revisions"}],"predecessor-version":[{"id":3930,"href":"https:\/\/yahalaspain.com\/es\/wp-json\/wp\/v2\/pages\/3927\/revisions\/3930"}],"wp:attachment":[{"href":"https:\/\/yahalaspain.com\/es\/wp-json\/wp\/v2\/media?parent=3927"}],"curies":[{"name":"wp","href":"https:\/\/api.w.org\/{rel}","templated":true}]}}