{"id":3971,"date":"2016-10-08T16:09:10","date_gmt":"2016-10-08T16:09:10","guid":{"rendered":"http:\/\/yahalaspain.com\/es\/?page_id=3971"},"modified":"2016-11-03T10:45:09","modified_gmt":"2016-11-03T10:45:09","slug":"guia-acompanante-sin-vehiculo","status":"publish","type":"page","link":"https:\/\/yahalaspain.com\/es\/guia-acompanante-sin-vehiculo\/","title":{"rendered":"GU\u00cdA ACOMPA\u00d1ANTE SIN VEH\u00cdCULO"},"content":{"rendered":"","protected":false},"excerpt":{"rendered":"","protected":false},"author":1,"featured_media":0,"parent":0,"menu_order":0,"comment_status":"closed","ping_status":"closed","template":"","meta":{"footnotes":""},"class_list":["post-3971","page","type-page","status-publish","hentry"],"_links":{"self":[{"href":"https:\/\/yahalaspain.com\/es\/wp-json\/wp\/v2\/pages\/3971","targetHints":{"allow":["GET"]}}],"collection":[{"href":"https:\/\/yahalaspain.com\/es\/wp-json\/wp\/v2\/pages"}],"about":[{"href":"https:\/\/yahalaspain.com\/es\/wp-json\/wp\/v2\/types\/page"}],"author":[{"embeddable":true,"href":"https:\/\/yahalaspain.com\/es\/wp-json\/wp\/v2\/users\/1"}],"replies":[{"embeddable":true,"href":"https:\/\/yahalaspain.com\/es\/wp-json\/wp\/v2\/comments?post=3971"}],"version-history":[{"count":1,"href":"https:\/\/yahalaspain.com\/es\/wp-json\/wp\/v2\/pages\/3971\/revisions"}],"predecessor-version":[{"id":3973,"href":"https:\/\/yahalaspain.com\/es\/wp-json\/wp\/v2\/pages\/3971\/revisions\/3973"}],"wp:attachment":[{"href":"https:\/\/yahalaspain.com\/es\/wp-json\/wp\/v2\/media?parent=3971"}],"curies":[{"name":"wp","href":"https:\/\/api.w.org\/{rel}","templated":true}]}}